{"id":141,"date":"2019-05-01T17:38:29","date_gmt":"2019-05-01T15:38:29","guid":{"rendered":"http:\/\/vitaircargo.com\/?page_id=141"},"modified":"2019-07-19T18:33:30","modified_gmt":"2019-07-19T16:33:30","slug":"services","status":"publish","type":"page","link":"http:\/\/vitaircargo.com\/en\/services\/","title":{"rendered":"Services"},"content":{"rendered":"<p>[vc_row rt_row_background_width=\u00bbfullwidth\u00bb rt_row_content_width=\u00bbdefault\u00bb rt_row_style=\u00bbdefault-style\u00bb rt_row_borders=\u00bb\u00bb rt_row_shadows=\u00bb\u00bb rt_row_paddings=\u00bbtrue\u00bb rt_bg_effect=\u00bbclassic\u00bb rt_bg_image_repeat=\u00bbrepeat\u00bb rt_bg_size=\u00bbcover\u00bb rt_bg_position=\u00bbright top\u00bb rt_bg_attachment=\u00bbscroll\u00bb rt_bg_video_format=\u00bbself-hosted\u00bb][vc_column rt_column_shadow=\u00bb\u00bb rt_bg_image_repeat=\u00bbrepeat\u00bb rt_bg_size=\u00bbauto auto\u00bb rt_bg_attachment=\u00bbscroll\u00bb][rev_slider_vc alias=\u00bbservicios1&#8243;][\/vc_column][\/vc_row][vc_row rt_row_background_width=\u00bbfullwidth\u00bb rt_row_content_width=\u00bbdefault\u00bb rt_row_style=\u00bbdefault-style\u00bb rt_row_borders=\u00bb\u00bb rt_row_shadows=\u00bb\u00bb rt_row_paddings=\u00bbtrue\u00bb rt_bg_effect=\u00bbclassic\u00bb rt_bg_image_repeat=\u00bbrepeat\u00bb rt_bg_size=\u00bbcover\u00bb rt_bg_position=\u00bbright top\u00bb rt_bg_attachment=\u00bbscroll\u00bb rt_bg_video_format=\u00bbself-hosted\u00bb][vc_column rt_column_shadow=\u00bb\u00bb rt_bg_image_repeat=\u00bbrepeat\u00bb rt_bg_size=\u00bbauto auto\u00bb rt_bg_attachment=\u00bbscroll\u00bb][vc_column_text css=\u00bb.vc_custom_1563535291418{padding-bottom: 40px !important;}\u00bb]<strong>At VIT AIR CARGO we provide air, sea and land trade transport, storage and distribution services, <\/strong>giving comprehensive solutions to the international transport of your goods.<\/p>\n<p>We are freight forwarders with a huge amount of experience in the sector, offering advice and customs management of all exports and imports for all operations.<\/p>\n<p>The excellent customer service and the high quality of our team of professionals are an important part of our values.[\/vc_column_text][\/vc_column][\/vc_row][vc_row rt_row_background_width=\u00bbfullwidth\u00bb rt_row_content_width=\u00bbdefault\u00bb rt_row_style=\u00bbdefault-style\u00bb rt_row_borders=\u00bb\u00bb rt_row_shadows=\u00bb\u00bb rt_row_paddings=\u00bbtrue\u00bb rt_bg_effect=\u00bbclassic\u00bb rt_bg_image_repeat=\u00bbrepeat\u00bb rt_bg_size=\u00bbcover\u00bb rt_bg_position=\u00bbright top\u00bb rt_bg_attachment=\u00bbscroll\u00bb rt_bg_video_format=\u00bbself-hosted\u00bb rt_bg_color=\u00bb#ffffff\u00bb][vc_column rt_column_shadow=\u00bb\u00bb rt_bg_image_repeat=\u00bbrepeat\u00bb rt_bg_size=\u00bbauto auto\u00bb rt_bg_attachment=\u00bbscroll\u00bb][vc_row_inner rt_row_style=\u00bbglobal-style\u00bb rt_bg_custom_alignment=\u00bbtop\u00bb][vc_column_inner width=\u00bb1\/3&#8243; rt_column_shadow=\u00bb\u00bb rt_bg_image_repeat=\u00bbrepeat\u00bb rt_bg_size=\u00bbauto auto\u00bb rt_bg_attachment=\u00bbscroll\u00bb][vc_column_text css=\u00bb.vc_custom_1563553824098{padding-top: 10px !important;padding-bottom: 10px !important;background-color: #f07d00 !important;}\u00bb]<\/p>\n<h3 style=\"text-align: center;\"><span style=\"color: #ffffff;\"><span lang=\"EN-GB\">AIR SERVICE<\/span><\/span><\/h3>\n<p>[\/vc_column_text][vc_single_image image=\u00bb509&#8243; img_size=\u00bb500&#215;300&#8243; alignment=\u00bbcenter\u00bb onclick=\u00bbcustom_link\u00bb link=\u00bbhttp:\/\/vitaircargo.com\/servicio-aereo\/\u00bb][vc_column_text css=\u00bb.vc_custom_1563554008866{padding-bottom: 40px !important;}\u00bb]Our <strong>international air services <\/strong>offer comprehensive solutions to our customers, partners and correspondents according to their needs and requires for their air cargo.<\/p>\n<p><a href=\"http:\/\/vitaircargo.com\/en\/air-service\/\">See more &gt;<\/a>[\/vc_column_text][\/vc_column_inner][vc_column_inner width=\u00bb1\/3&#8243; rt_column_shadow=\u00bb\u00bb rt_bg_image_repeat=\u00bbrepeat\u00bb rt_bg_size=\u00bbauto auto\u00bb rt_bg_attachment=\u00bbscroll\u00bb][vc_column_text css=\u00bb.vc_custom_1563553818732{padding-top: 10px !important;padding-bottom: 10px !important;background-color: #f07d00 !important;}\u00bb]<\/p>\n<h3 style=\"text-align: center;\"><span style=\"color: #ffffff;\">MARITIME SERVICE<br \/>\n<\/span><\/h3>\n<p>[\/vc_column_text][vc_single_image image=\u00bb511&#8243; img_size=\u00bb500&#215;300&#8243; alignment=\u00bbcenter\u00bb onclick=\u00bbcustom_link\u00bb link=\u00bbhttp:\/\/vitaircargo.com\/servicio-maritimo\/\u00bb][vc_column_text css=\u00bb.vc_custom_1563553783473{padding-bottom: 40px !important;}\u00bb]Maximum quality for handling imports and exports both batches and complete containers from one point to another by maritime transport..<\/p>\n<p><a href=\"http:\/\/vitaircargo.com\/en\/maritime-service\/\">See more &gt;<\/a>[\/vc_column_text][\/vc_column_inner][vc_column_inner width=\u00bb1\/3&#8243; rt_column_shadow=\u00bb\u00bb rt_bg_image_repeat=\u00bbrepeat\u00bb rt_bg_size=\u00bbauto auto\u00bb rt_bg_attachment=\u00bbscroll\u00bb][vc_column_text css=\u00bb.vc_custom_1563553813601{padding-top: 10px !important;padding-bottom: 10px !important;background-color: #f07d00 !important;}\u00bb]<\/p>\n<h3 style=\"text-align: center;\"><span style=\"color: #ffffff;\">GROUND SERVICE<br \/>\n<\/span><\/h3>\n<p>[\/vc_column_text][vc_single_image image=\u00bb513&#8243; img_size=\u00bb500&#215;300&#8243; alignment=\u00bbcenter\u00bb onclick=\u00bbcustom_link\u00bb link=\u00bbhttp:\/\/vitaircargo.com\/servicio-terrestre\/\u00bb][vc_column_text css=\u00bb.vc_custom_1563553904332{padding-bottom: 40px !important;}\u00bb]<strong>Comprehensive logistics service by land\u00a0<\/strong>guaranteeing door-to-door transport, both for shipments by full truck or batch throughout the Europe.<\/p>\n<p><a href=\"http:\/\/vitaircargo.com\/en\/ground-service\/\">See more &gt;<\/a>[\/vc_column_text][\/vc_column_inner][\/vc_row_inner][vc_row_inner rt_row_style=\u00bbglobal-style\u00bb rt_bg_custom_alignment=\u00bbtop\u00bb][vc_column_inner rt_column_shadow=\u00bb\u00bb rt_bg_image_repeat=\u00bbrepeat\u00bb rt_bg_size=\u00bbauto auto\u00bb rt_bg_attachment=\u00bbscroll\u00bb][vc_column_text css=\u00bb.vc_custom_1563553861763{padding-top: 10px !important;padding-bottom: 10px !important;background-color: #f07d00 !important;}\u00bb]<\/p>\n<h3 style=\"text-align: center;\"><span style=\"color: #ffffff;\">STORAGE &amp; DISTRIBUTION<br \/>\n<\/span><\/h3>\n<p>[\/vc_column_text][vc_single_image image=\u00bb515&#8243; img_size=\u00bb1200&#215;150&#8243; alignment=\u00bbcenter\u00bb onclick=\u00bbcustom_link\u00bb link=\u00bbhttp:\/\/vitaircargo.com\/almacenamiento-y-distribucion\/\u00bb][vc_column_text css=\u00bb.vc_custom_1563553920645{padding-bottom: 40px !important;}\u00bb]We offer <strong>personalised services based on the needs of each customer, partner and\/or correspondent.\u00a0<\/strong>We can manage a project from receipt of goods, storage, preparation of orders, packaging and distribution, both for full and consolidated cargo.<\/p>\n<p><a href=\"http:\/\/vitaircargo.com\/en\/storage-and-distribution\/\">See more &gt;<\/a>[\/vc_column_text][\/vc_column_inner][\/vc_row_inner][\/vc_column][\/vc_row][vc_row rt_row_background_width=\u00bbfullwidth\u00bb rt_row_content_width=\u00bbdefault\u00bb rt_row_style=\u00bbdefault-style\u00bb rt_row_borders=\u00bb\u00bb rt_row_shadows=\u00bb\u00bb rt_row_paddings=\u00bbtrue\u00bb rt_bg_effect=\u00bbclassic\u00bb rt_bg_image_repeat=\u00bbrepeat\u00bb rt_bg_size=\u00bbcover\u00bb rt_bg_position=\u00bbright top\u00bb rt_bg_attachment=\u00bbscroll\u00bb rt_bg_video_format=\u00bbself-hosted\u00bb][vc_column rt_column_shadow=\u00bb\u00bb rt_bg_image_repeat=\u00bbrepeat\u00bb rt_bg_size=\u00bbauto auto\u00bb rt_bg_attachment=\u00bbscroll\u00bb][vc_cta h2=\u00bbCONTACT US\u00bb h4=\u00bbMake a query about any international shipment.\u00bb txt_align=\u00bbcenter\u00bb style=\u00bb3d\u00bb]<\/p>\n<p style=\"text-align: center;\"><a href=\"mailto:info@vitaircargo.com\">info@vitaircargo.com<\/a>\u00a0\u00a0 | +34 933 799 470<\/p>\n<p>[\/vc_cta][\/vc_column][\/vc_row]<\/p>\n","protected":false},"excerpt":{"rendered":"<p>[vc_row rt_row_background_width=\u00bbfullwidth\u00bb rt_row_content_width=\u00bbdefault\u00bb rt_row_style=\u00bbdefault-style\u00bb rt_row_borders=\u00bb\u00bb rt_row_shadows=\u00bb\u00bb rt_row_paddings=\u00bbtrue\u00bb rt_bg_effect=\u00bbclassic\u00bb rt_bg_image_repeat=\u00bbrepeat\u00bb rt_bg_size=\u00bbcover\u00bb rt_bg_position=\u00bbright top\u00bb rt_bg_attachment=\u00bbscroll\u00bb rt_bg_video_format=\u00bbself-hosted\u00bb][vc_column rt_column_shadow=\u00bb\u00bb rt_bg_image_repeat=\u00bbrepeat\u00bb rt_bg_size=\u00bbauto auto\u00bb rt_bg_attachment=\u00bbscroll\u00bb][rev_slider_vc alias=\u00bbservicios1&#8243;][\/vc_column][\/vc_row][vc_row rt_row_background_width=\u00bbfullwidth\u00bb rt_row_content_width=\u00bbdefault\u00bb rt_row_style=\u00bbdefault-style\u00bb rt_row_borders=\u00bb\u00bb rt_row_shadows=\u00bb\u00bb rt_row_paddings=\u00bbtrue\u00bb rt_bg_effect=\u00bbclassic\u00bb rt_bg_image_repeat=\u00bbrepeat\u00bb rt_bg_size=\u00bbcover\u00bb rt_bg_position=\u00bbright top\u00bb rt_bg_attachment=\u00bbscroll\u00bb rt_bg_video_format=\u00bbself-hosted\u00bb][vc_column rt_column_shadow=\u00bb\u00bb rt_bg_image_repeat=\u00bbrepeat\u00bb rt_bg_size=\u00bbauto auto\u00bb rt_bg_attachment=\u00bbscroll\u00bb][vc_column_text css=\u00bb.vc_custom_1563535291418{padding-bottom: 40px !important;}\u00bb]At VIT AIR CARGO we provide air, sea and land trade transport, storage and distribution &#8230; <a class=\"more-link\" href=\"http:\/\/vitaircargo.com\/en\/services\/\">Continue reading<\/a><\/p>\n","protected":false},"author":1,"featured_media":0,"parent":0,"menu_order":0,"comment_status":"closed","ping_status":"closed","template":"","meta":{"footnotes":""},"class_list":["post-141","page","type-page","status-publish","hentry"],"yoast_head":"<!-- This site is optimized with the Yoast SEO plugin v26.5 - https:\/\/yoast.com\/wordpress\/plugins\/seo\/ -->\n<title>servicios de transporte de mercanc\u00eda a\u00e9reo, mar\u00edtimo y terrestre<\/title>\n<meta name=\"description\" content=\"En VIT AIR CARGO prestamos servicios de transporte de mercanc\u00eda a\u00e9reo, mar\u00edtimo, terrestre, almacenamiento y distribuci\u00f3n.\" \/>\n<meta name=\"robots\" content=\"index, follow, max-snippet:-1, max-image-preview:large, max-video-preview:-1\" \/>\n<link rel=\"canonical\" href=\"http:\/\/vitaircargo.com\/en\/services\/\" \/>\n<meta property=\"og:locale\" content=\"es_ES\" \/>\n<meta property=\"og:type\" content=\"article\" \/>\n<meta property=\"og:title\" content=\"servicios de transporte de mercanc\u00eda a\u00e9reo, mar\u00edtimo y terrestre\" \/>\n<meta property=\"og:description\" content=\"En VIT AIR CARGO prestamos servicios de transporte de mercanc\u00eda a\u00e9reo, mar\u00edtimo, terrestre, almacenamiento y distribuci\u00f3n.\" \/>\n<meta property=\"og:url\" content=\"http:\/\/vitaircargo.com\/en\/services\/\" \/>\n<meta property=\"og:site_name\" content=\"Vit Air Cargo\" \/>\n<meta property=\"article:modified_time\" content=\"2019-07-19T16:33:30+00:00\" \/>\n<meta name=\"twitter:card\" content=\"summary_large_image\" \/>\n<meta name=\"twitter:label1\" content=\"Tiempo de lectura\" \/>\n\t<meta name=\"twitter:data1\" content=\"4 minutos\" \/>\n<script type=\"application\/ld+json\" class=\"yoast-schema-graph\">{\"@context\":\"https:\/\/schema.org\",\"@graph\":[{\"@type\":\"WebPage\",\"@id\":\"http:\/\/vitaircargo.com\/en\/services\/\",\"url\":\"http:\/\/vitaircargo.com\/en\/services\/\",\"name\":\"servicios de transporte de mercanc\u00eda a\u00e9reo, mar\u00edtimo y terrestre\",\"isPartOf\":{\"@id\":\"http:\/\/vitaircargo.com\/en\/#website\"},\"datePublished\":\"2019-05-01T15:38:29+00:00\",\"dateModified\":\"2019-07-19T16:33:30+00:00\",\"description\":\"En VIT AIR CARGO prestamos servicios de transporte de mercanc\u00eda a\u00e9reo, mar\u00edtimo, terrestre, almacenamiento y distribuci\u00f3n.\",\"breadcrumb\":{\"@id\":\"http:\/\/vitaircargo.com\/en\/services\/#breadcrumb\"},\"inLanguage\":\"es\",\"potentialAction\":[{\"@type\":\"ReadAction\",\"target\":[\"http:\/\/vitaircargo.com\/en\/services\/\"]}]},{\"@type\":\"BreadcrumbList\",\"@id\":\"http:\/\/vitaircargo.com\/en\/services\/#breadcrumb\",\"itemListElement\":[{\"@type\":\"ListItem\",\"position\":1,\"name\":\"Portada\",\"item\":\"http:\/\/vitaircargo.com\/en\/\"},{\"@type\":\"ListItem\",\"position\":2,\"name\":\"Services\"}]},{\"@type\":\"WebSite\",\"@id\":\"http:\/\/vitaircargo.com\/en\/#website\",\"url\":\"http:\/\/vitaircargo.com\/en\/\",\"name\":\"Vit Air Cargo\",\"description\":\"Transporte internacional\",\"publisher\":{\"@id\":\"http:\/\/vitaircargo.com\/en\/#organization\"},\"potentialAction\":[{\"@type\":\"SearchAction\",\"target\":{\"@type\":\"EntryPoint\",\"urlTemplate\":\"http:\/\/vitaircargo.com\/en\/?s={search_term_string}\"},\"query-input\":{\"@type\":\"PropertyValueSpecification\",\"valueRequired\":true,\"valueName\":\"search_term_string\"}}],\"inLanguage\":\"es\"},{\"@type\":\"Organization\",\"@id\":\"http:\/\/vitaircargo.com\/en\/#organization\",\"name\":\"vitaircargo\",\"url\":\"http:\/\/vitaircargo.com\/en\/\",\"logo\":{\"@type\":\"ImageObject\",\"inLanguage\":\"es\",\"@id\":\"http:\/\/vitaircargo.com\/en\/#\/schema\/logo\/image\/\",\"url\":\"http:\/\/vitaircargo.com\/en\/wp-content\/uploads\/2019\/05\/logo-VITAIRCARGO.jpg\",\"contentUrl\":\"http:\/\/vitaircargo.com\/en\/wp-content\/uploads\/2019\/05\/logo-VITAIRCARGO.jpg\",\"width\":799,\"height\":282,\"caption\":\"vitaircargo\"},\"image\":{\"@id\":\"http:\/\/vitaircargo.com\/en\/#\/schema\/logo\/image\/\"}}]}<\/script>\n<!-- \/ Yoast SEO plugin. -->","yoast_head_json":{"title":"servicios de transporte de mercanc\u00eda a\u00e9reo, mar\u00edtimo y terrestre","description":"En VIT AIR CARGO prestamos servicios de transporte de mercanc\u00eda a\u00e9reo, mar\u00edtimo, terrestre, almacenamiento y distribuci\u00f3n.","robots":{"index":"index","follow":"follow","max-snippet":"max-snippet:-1","max-image-preview":"max-image-preview:large","max-video-preview":"max-video-preview:-1"},"canonical":"http:\/\/vitaircargo.com\/en\/services\/","og_locale":"es_ES","og_type":"article","og_title":"servicios de transporte de mercanc\u00eda a\u00e9reo, mar\u00edtimo y terrestre","og_description":"En VIT AIR CARGO prestamos servicios de transporte de mercanc\u00eda a\u00e9reo, mar\u00edtimo, terrestre, almacenamiento y distribuci\u00f3n.","og_url":"http:\/\/vitaircargo.com\/en\/services\/","og_site_name":"Vit Air Cargo","article_modified_time":"2019-07-19T16:33:30+00:00","twitter_card":"summary_large_image","twitter_misc":{"Tiempo de lectura":"4 minutos"},"schema":{"@context":"https:\/\/schema.org","@graph":[{"@type":"WebPage","@id":"http:\/\/vitaircargo.com\/en\/services\/","url":"http:\/\/vitaircargo.com\/en\/services\/","name":"servicios de transporte de mercanc\u00eda a\u00e9reo, mar\u00edtimo y terrestre","isPartOf":{"@id":"http:\/\/vitaircargo.com\/en\/#website"},"datePublished":"2019-05-01T15:38:29+00:00","dateModified":"2019-07-19T16:33:30+00:00","description":"En VIT AIR CARGO prestamos servicios de transporte de mercanc\u00eda a\u00e9reo, mar\u00edtimo, terrestre, almacenamiento y distribuci\u00f3n.","breadcrumb":{"@id":"http:\/\/vitaircargo.com\/en\/services\/#breadcrumb"},"inLanguage":"es","potentialAction":[{"@type":"ReadAction","target":["http:\/\/vitaircargo.com\/en\/services\/"]}]},{"@type":"BreadcrumbList","@id":"http:\/\/vitaircargo.com\/en\/services\/#breadcrumb","itemListElement":[{"@type":"ListItem","position":1,"name":"Portada","item":"http:\/\/vitaircargo.com\/en\/"},{"@type":"ListItem","position":2,"name":"Services"}]},{"@type":"WebSite","@id":"http:\/\/vitaircargo.com\/en\/#website","url":"http:\/\/vitaircargo.com\/en\/","name":"Vit Air Cargo","description":"Transporte internacional","publisher":{"@id":"http:\/\/vitaircargo.com\/en\/#organization"},"potentialAction":[{"@type":"SearchAction","target":{"@type":"EntryPoint","urlTemplate":"http:\/\/vitaircargo.com\/en\/?s={search_term_string}"},"query-input":{"@type":"PropertyValueSpecification","valueRequired":true,"valueName":"search_term_string"}}],"inLanguage":"es"},{"@type":"Organization","@id":"http:\/\/vitaircargo.com\/en\/#organization","name":"vitaircargo","url":"http:\/\/vitaircargo.com\/en\/","logo":{"@type":"ImageObject","inLanguage":"es","@id":"http:\/\/vitaircargo.com\/en\/#\/schema\/logo\/image\/","url":"http:\/\/vitaircargo.com\/en\/wp-content\/uploads\/2019\/05\/logo-VITAIRCARGO.jpg","contentUrl":"http:\/\/vitaircargo.com\/en\/wp-content\/uploads\/2019\/05\/logo-VITAIRCARGO.jpg","width":799,"height":282,"caption":"vitaircargo"},"image":{"@id":"http:\/\/vitaircargo.com\/en\/#\/schema\/logo\/image\/"}}]}},"_links":{"self":[{"href":"http:\/\/vitaircargo.com\/en\/wp-json\/wp\/v2\/pages\/141","targetHints":{"allow":["GET"]}}],"collection":[{"href":"http:\/\/vitaircargo.com\/en\/wp-json\/wp\/v2\/pages"}],"about":[{"href":"http:\/\/vitaircargo.com\/en\/wp-json\/wp\/v2\/types\/page"}],"author":[{"embeddable":true,"href":"http:\/\/vitaircargo.com\/en\/wp-json\/wp\/v2\/users\/1"}],"replies":[{"embeddable":true,"href":"http:\/\/vitaircargo.com\/en\/wp-json\/wp\/v2\/comments?post=141"}],"version-history":[{"count":46,"href":"http:\/\/vitaircargo.com\/en\/wp-json\/wp\/v2\/pages\/141\/revisions"}],"predecessor-version":[{"id":693,"href":"http:\/\/vitaircargo.com\/en\/wp-json\/wp\/v2\/pages\/141\/revisions\/693"}],"wp:attachment":[{"href":"http:\/\/vitaircargo.com\/en\/wp-json\/wp\/v2\/media?parent=141"}],"curies":[{"name":"wp","href":"https:\/\/api.w.org\/{rel}","templated":true}]}}